{"id":8765,"date":"2024-10-07T11:07:32","date_gmt":"2024-10-07T11:07:32","guid":{"rendered":"https:\/\/hvet.eu-platforms.eu\/certyfikaty\/"},"modified":"2024-10-08T11:02:41","modified_gmt":"2024-10-08T11:02:41","slug":"certyfikaty","status":"publish","type":"page","link":"https:\/\/hvet.eu-platforms.eu\/pl\/certyfikaty\/","title":{"rendered":"Certyfikaty"},"content":{"rendered":"\t\t<div data-elementor-type=\"wp-page\" data-elementor-id=\"8765\" class=\"elementor elementor-8765\" data-elementor-post-type=\"page\">\n\t\t\t\t<div class=\"elementor-element elementor-element-f31c38c e-flex e-con-boxed e-con e-parent\" data-id=\"f31c38c\" data-element_type=\"container\" data-settings=\"{&quot;tp_display_rules_enable&quot;:&quot;yes&quot;,&quot;tp_display_rules_output&quot;:&quot;yes&quot;}\">\n\t\t\t\t\t<div class=\"e-con-inner\">\n\t\t\t\t<div class=\"elementor-element elementor-element-d6940b3 elementor-widget elementor-widget-text-editor\" data-id=\"d6940b3\" data-element_type=\"widget\" data-widget_type=\"text-editor.default\">\n\t\t\t\t<div class=\"elementor-widget-container\">\n\t\t\t\t\t\t\t\t\t<p>Musisz si\u0119 zalogowa\u0107, aby zobaczy\u0107 swoje certyfikaty<\/p>\n\t\t\t\t\t\t\t\t<\/div>\n\t\t\t\t<\/div>\n\t\t\t\t<div class=\"elementor-element elementor-element-863167d elementor-widget elementor-widget-ld-login\" data-id=\"863167d\" data-element_type=\"widget\" data-widget_type=\"ld-login.default\">\n\t\t\t\t<div class=\"elementor-widget-container\">\n\t\t\t\t\t<div class=\"learndash-wrapper\"><a class=\"ld-login ld-login ld-login-text ld-login-button ld-button\" href=\"#login\"><span class=\"ld-icon ld-icon-login ld-icon-left\"><\/span>Zaloguj si\u0119<\/a><\/div>\t\t\t\t<\/div>\n\t\t\t\t<\/div>\n\t\t\t\t\t<\/div>\n\t\t\t\t<\/div>\n\t\t<div class=\"plus-conditions--hidden elementor-element elementor-element-643a2891 e-flex e-con-boxed e-con e-parent\" data-id=\"643a2891\" data-element_type=\"container\" data-settings=\"{&quot;tp_display_rules_enable&quot;:&quot;yes&quot;,&quot;tp_display_rules_output&quot;:&quot;yes&quot;}\">\n\t\t\t\t\t<div class=\"e-con-inner\">\n\t\t\t\t<div class=\"elementor-element elementor-element-58a24f4 elementor-widget elementor-widget-spacer\" data-id=\"58a24f4\" data-element_type=\"widget\" data-widget_type=\"spacer.default\">\n\t\t\t\t<div class=\"elementor-widget-container\">\n\t\t\t\t\t\t\t<div class=\"elementor-spacer\">\n\t\t\t<div class=\"elementor-spacer-inner\"><\/div>\n\t\t<\/div>\n\t\t\t\t\t\t<\/div>\n\t\t\t\t<\/div>\n\t\t\t\t\t<\/div>\n\t\t\t\t<\/div>\n\t\t<div class=\"plus-conditions--hidden elementor-element elementor-element-31e3cf1 e-flex e-con-boxed e-con e-parent\" data-id=\"31e3cf1\" data-element_type=\"container\" data-settings=\"{&quot;background_background&quot;:&quot;classic&quot;,&quot;tp_display_rules_enable&quot;:&quot;yes&quot;,&quot;tp_display_rules_output&quot;:&quot;yes&quot;}\">\n\t\t\t\t\t<div class=\"e-con-inner\">\n\t\t<div class=\"elementor-element elementor-element-1a8c9c0 e-flex e-con-boxed e-con e-child\" data-id=\"1a8c9c0\" data-element_type=\"container\" data-settings=\"{&quot;background_background&quot;:&quot;classic&quot;}\">\n\t\t\t\t\t<div class=\"e-con-inner\">\n\t\t\t\t<div class=\"elementor-element elementor-element-84d299a elementor-widget elementor-widget-heading\" data-id=\"84d299a\" data-element_type=\"widget\" data-widget_type=\"heading.default\">\n\t\t\t\t<div class=\"elementor-widget-container\">\n\t\t\t\t\t<h3 class=\"elementor-heading-title elementor-size-default\">Certyfikat kursu<\/h3>\t\t\t\t<\/div>\n\t\t\t\t<\/div>\n\t\t\t\t<div class=\"elementor-element elementor-element-5e57eaa elementor-widget elementor-widget-text-editor\" data-id=\"5e57eaa\" data-element_type=\"widget\" data-widget_type=\"text-editor.default\">\n\t\t\t\t<div class=\"elementor-widget-container\">\n\t\t\t\t\t\t\t\t\t<p><\/p>\n\t\t\t\t\t\t\t\t<\/div>\n\t\t\t\t<\/div>\n\t\t\t\t\t<\/div>\n\t\t\t\t<\/div>\n\t\t\t\t\t<\/div>\n\t\t\t\t<\/div>\n\t\t<div class=\"plus-conditions--hidden elementor-element elementor-element-3f277e8 e-flex e-con-boxed e-con e-parent\" data-id=\"3f277e8\" data-element_type=\"container\" data-settings=\"{&quot;tp_display_rules_enable&quot;:&quot;yes&quot;,&quot;tp_display_rules_output&quot;:&quot;yes&quot;}\">\n\t\t\t\t\t<div class=\"e-con-inner\">\n\t\t\t\t<div class=\"elementor-element elementor-element-1a4b1d1 elementor-widget elementor-widget-spacer\" data-id=\"1a4b1d1\" data-element_type=\"widget\" data-widget_type=\"spacer.default\">\n\t\t\t\t<div class=\"elementor-widget-container\">\n\t\t\t\t\t\t\t<div class=\"elementor-spacer\">\n\t\t\t<div class=\"elementor-spacer-inner\"><\/div>\n\t\t<\/div>\n\t\t\t\t\t\t<\/div>\n\t\t\t\t<\/div>\n\t\t\t\t\t<\/div>\n\t\t\t\t<\/div>\n\t\t<div class=\"plus-conditions--hidden elementor-element elementor-element-d0d2fca e-flex e-con-boxed e-con e-parent\" data-id=\"d0d2fca\" data-element_type=\"container\" data-settings=\"{&quot;background_background&quot;:&quot;classic&quot;,&quot;tp_display_rules_enable&quot;:&quot;yes&quot;,&quot;tp_display_rules_output&quot;:&quot;yes&quot;}\">\n\t\t\t\t\t<div class=\"e-con-inner\">\n\t\t<div class=\"elementor-element elementor-element-e06e24c e-flex e-con-boxed e-con e-child\" data-id=\"e06e24c\" data-element_type=\"container\" data-settings=\"{&quot;background_background&quot;:&quot;classic&quot;}\">\n\t\t\t\t\t<div class=\"e-con-inner\">\n\t\t\t\t<div class=\"elementor-element elementor-element-d9f51dd elementor-widget elementor-widget-heading\" data-id=\"d9f51dd\" data-element_type=\"widget\" data-widget_type=\"heading.default\">\n\t\t\t\t<div class=\"elementor-widget-container\">\n\t\t\t\t\t<h3 class=\"elementor-heading-title elementor-size-default\">Certyfikaty modu\u0142\u00f3w<\/h3>\t\t\t\t<\/div>\n\t\t\t\t<\/div>\n\t\t\t\t<div class=\"elementor-element elementor-element-a4a9c53 elementor-widget elementor-widget-text-editor\" data-id=\"a4a9c53\" data-element_type=\"widget\" data-widget_type=\"text-editor.default\">\n\t\t\t\t<div class=\"elementor-widget-container\">\n\t\t\t\t\t\t\t\t\t<p><\/p>\n\t\t\t\t\t\t\t\t<\/div>\n\t\t\t\t<\/div>\n\t\t\t\t\t<\/div>\n\t\t\t\t<\/div>\n\t\t\t\t\t<\/div>\n\t\t\t\t<\/div>\n\t\t\t\t<\/div>\n\t\t","protected":false},"excerpt":{"rendered":"<p>Musisz si\u0119 zalogowa\u0107, aby zobaczy\u0107 swoje certyfikaty Certyfikat kursu Certyfikaty modu\u0142\u00f3w<\/p>\n","protected":false},"author":3,"featured_media":0,"parent":0,"menu_order":0,"comment_status":"closed","ping_status":"closed","template":"","meta":{"footnotes":""},"class_list":["post-8765","page","type-page","status-publish","hentry"],"_links":{"self":[{"href":"https:\/\/hvet.eu-platforms.eu\/pl\/wp-json\/wp\/v2\/pages\/8765","targetHints":{"allow":["GET"]}}],"collection":[{"href":"https:\/\/hvet.eu-platforms.eu\/pl\/wp-json\/wp\/v2\/pages"}],"about":[{"href":"https:\/\/hvet.eu-platforms.eu\/pl\/wp-json\/wp\/v2\/types\/page"}],"author":[{"embeddable":true,"href":"https:\/\/hvet.eu-platforms.eu\/pl\/wp-json\/wp\/v2\/users\/3"}],"replies":[{"embeddable":true,"href":"https:\/\/hvet.eu-platforms.eu\/pl\/wp-json\/wp\/v2\/comments?post=8765"}],"version-history":[{"count":4,"href":"https:\/\/hvet.eu-platforms.eu\/pl\/wp-json\/wp\/v2\/pages\/8765\/revisions"}],"predecessor-version":[{"id":8780,"href":"https:\/\/hvet.eu-platforms.eu\/pl\/wp-json\/wp\/v2\/pages\/8765\/revisions\/8780"}],"wp:attachment":[{"href":"https:\/\/hvet.eu-platforms.eu\/pl\/wp-json\/wp\/v2\/media?parent=8765"}],"curies":[{"name":"wp","href":"https:\/\/api.w.org\/{rel}","templated":true}]}}