{"id":7490,"date":"2024-09-23T08:11:05","date_gmt":"2024-09-23T08:11:05","guid":{"rendered":"https:\/\/hvet.eu-platforms.eu\/pagina-inicial\/"},"modified":"2024-09-23T08:11:05","modified_gmt":"2024-09-23T08:11:05","slug":"pagina-inicial","status":"publish","type":"page","link":"https:\/\/hvet.eu-platforms.eu\/pt-pt\/","title":{"rendered":"P\u00e1gina inicial"},"content":{"rendered":"\t\t<div data-elementor-type=\"wp-page\" data-elementor-id=\"7490\" class=\"elementor elementor-7490\" data-elementor-post-type=\"page\">\n\t\t\t\t<div class=\"elementor-element elementor-element-fd4b013 e-flex e-con-boxed e-con e-parent\" data-id=\"fd4b013\" data-element_type=\"container\">\n\t\t\t\t\t<div class=\"e-con-inner\">\n\t\t<div class=\"elementor-element elementor-element-59a86d8 e-con-full e-flex e-con e-child\" data-id=\"59a86d8\" data-element_type=\"container\">\n\t\t\t\t<\/div>\n\t\t<div class=\"elementor-element elementor-element-272bbc3 e-con-full e-flex e-con e-child\" data-id=\"272bbc3\" data-element_type=\"container\">\n\t\t\t\t<div class=\"elementor-element elementor-element-ea71a4a elementor-widget elementor-widget-spacer\" data-id=\"ea71a4a\" data-element_type=\"widget\" data-widget_type=\"spacer.default\">\n\t\t\t\t<div class=\"elementor-widget-container\">\n\t\t\t\t\t\t\t<div class=\"elementor-spacer\">\n\t\t\t<div class=\"elementor-spacer-inner\"><\/div>\n\t\t<\/div>\n\t\t\t\t\t\t<\/div>\n\t\t\t\t<\/div>\n\t\t\t\t<div class=\"elementor-element elementor-element-62f46ec elementor-widget elementor-widget-shortcode\" data-id=\"62f46ec\" data-element_type=\"widget\" data-widget_type=\"shortcode.default\">\n\t\t\t\t<div class=\"elementor-widget-container\">\n\t\t\t\t\t\t\t<div class=\"elementor-shortcode\"><!-- The LearnDash course grid element below does not have an `id` attribute set in the shortcode so it is generated randomly each time it renders. Please set the `id` attribute in the shortcode so it will be consistent each time it renders. If it is not consistent, custom CSS rules in the site that uses the element particular ID may not work. --><div id=\"ld-cg-69e04c5244\" class=\"learndash-course-grid \" data-page=\"1\"  data-post_type=\"sfwd-courses\" data-per_page=\"9\" data-orderby=\"ID\" data-order=\"DESC\" data-taxonomies=\"\" data-enrollment_status=\"\" data-progress_status=\"\" data-group_id=\"0\" data-thumbnail=\"1\" data-thumbnail_size=\"1200\" data-ribbon=\"1\" data-video=\"\" data-content=\"1\" data-title=\"1\" data-title_clickable=\"1\" data-description=\"1\" data-description_char_max=\"120\" data-button=\"1\" data-filter=\"\" data-pagination=\"button\" data-grid_height_equal=\"\" data-progress_bar=\"\" data-post_meta=\"1\" data-skin=\"grid\" data-card=\"grid-1\" data-columns=\"1\" data-min_column_width=\"350\" data-items_per_row=\"3\" data-font_family_title=\"\" data-font_family_description=\"\" data-font_size_title=\"\" data-font_size_description=\"\" data-font_color_title=\"\" data-font_color_description=\"\" data-background_color_title=\"\" data-background_color_description=\"\" data-background_color_ribbon=\"\" data-font_color_ribbon=\"\" data-background_color_icon=\"\" data-font_color_icon=\"\" data-background_color_button=\"\" data-font_color_button=\"\" data-class_name=\"\" data-id=\"ld-cg-69e04c5244\" data-filter_search=\"1\" data-filter_taxonomies=\"\" data-filter_price=\"1\" data-filter_price_min=\"0\" data-filter_price_max=\"1000\"><div class=\"items-wrapper grid\">\n\t\t\t<div class=\"item grid-1\">\n\t<article id=\"post-3507\" class=\"post post-3507 sfwd-courses type-sfwd-courses status-publish has-post-thumbnail hentry\">\n\t\t\t\t\t<div class=\"thumbnail\">\n\t\t\t\t\t\t\t\t\t<div class=\"ribbon\">\n\t\t\t\t\t\tGr\u00e1tis\t\t\t\t\t<\/div>\n\t\t\t\t\n\t\t\t\t\t\t\t\t\t<div class=\"image\">\n\t\t\t\t\t\t<a\n\t\t\t\t\t\t\taria-hidden=\"true\"\n\t\t\t\t\t\t\thref=\"https:\/\/hvet.eu-platforms.eu\/pt-pt\/courses\/ensino-hibrido-curso-de-certificacao-profissional-para-professores-de-efp\/\"\n\t\t\t\t\t\t\ttabindex=\"-1\"\n\t\t\t\t\t\t>\n\t\t\t\t\t\t\t<img fetchpriority=\"high\" decoding=\"async\" width=\"1200\" height=\"630\" src=\"https:\/\/hvet.eu-platforms.eu\/wp-content\/uploads\/2023\/10\/feature-Hvet-e-learning-course.jpg\" class=\"attachment-1200 size-1200 wp-post-image\" alt=\"Ensino h\u00edbrido: Curso de certifica\u00e7\u00e3o profissional para professores de EFP\" srcset=\"https:\/\/hvet.eu-platforms.eu\/wp-content\/uploads\/2023\/10\/feature-Hvet-e-learning-course.jpg 1200w, https:\/\/hvet.eu-platforms.eu\/wp-content\/uploads\/2023\/10\/feature-Hvet-e-learning-course-300x158.jpg 300w, https:\/\/hvet.eu-platforms.eu\/wp-content\/uploads\/2023\/10\/feature-Hvet-e-learning-course-1024x538.jpg 1024w, https:\/\/hvet.eu-platforms.eu\/wp-content\/uploads\/2023\/10\/feature-Hvet-e-learning-course-768x403.jpg 768w\" sizes=\"(max-width: 1200px) 100vw, 1200px\" \/>\t\t\t\t\t\t<\/a>\n\t\t\t\t\t<\/div>\n\t\t\t\t\t\t\t<\/div>\n\t\t\n\t\t\t\t\t<div class=\"content\">\n\t\t\t\t<div class=\"top-meta\">\n\t\t\t\t\t\t\t\t\t\t\t<h3 class=\"entry-title\">\n\t\t\t\t\t\t\t\t\t\t\t\t\t\t\t<a href=\"https:\/\/hvet.eu-platforms.eu\/pt-pt\/courses\/ensino-hibrido-curso-de-certificacao-profissional-para-professores-de-efp\/\">\n\t\t\t\t\t\t\t\t\t\t\t\t\t\t\tEnsino h\u00edbrido: Curso de certifica\u00e7\u00e3o profissional para professores de EFP\t\t\t\t\t\t\t\t\t\t\t\t\t\t\t<\/a>\n\t\t\t\t\t\t\t\t\t\t\t\t\t<\/h3>\n\t\t\t\t\t\t\t\t\t\t\t\t\t\t\t\t<div class=\"author\">\n\t\t\t\t\t\t\t<span>By TASOS<\/span>\n\t\t\t\t\t\t<\/div>\n\t\t\t\t\t\t\t\t\t\t\t\t\t\t\t\t\t\t\t<\/div>\n\t\t\t\t\t\t\t\t\t<hr class=\"separator\">\n\t\t\t\t\t<div class=\"bottom-meta\">\n\t\t\t\t\t\t\t\t\t\t\t\t\t\t\t\t\t\t\t<div class=\"section total-students\">\n\t\t\t\t\t\t\t\t<span class=\"icon dashicons dashicons-groups\"><\/span>\n\t\t\t\t\t\t\t\t<span class=\"wrapper\">\n\t\t\t\t\t\t\t\t\t<span class=\"label\">\n\t\t\t\t\t\t\t\t\t\tTotal Students\t\t\t\t\t\t\t\t\t<\/span>\n\t\t\t\t\t\t\t\t\t<span class=\"value\">\n\t\t\t\t\t\t\t\t\t\t34\t\t\t\t\t\t\t\t\t<\/span>\n\t\t\t\t\t\t\t\t<\/span>\n\t\t\t\t\t\t\t<\/div>\n\t\t\t\t\t\t\t\t\t\t\t\t\t\t\t\t\t\t\t<div class=\"section total-lessons\">\n\t\t\t\t\t\t\t\t<span class=\"icon dashicons dashicons-text-page\"><\/span>\n\t\t\t\t\t\t\t\t<span class=\"wrapper\">\n\t\t\t\t\t\t\t\t\t<span class=\"label\">\n\t\t\t\t\t\t\t\t\t\tTotal Lessons\t\t\t\t\t\t\t\t\t<\/span>\n\t\t\t\t\t\t\t\t\t<span class=\"value\">\n\t\t\t\t\t\t\t\t\t\t15\t\t\t\t\t\t\t\t\t<\/span>\n\t\t\t\t\t\t\t\t<\/span>\n\t\t\t\t\t\t\t<\/div>\n\t\t\t\t\t\t\t\t\t\t\t\t\t\t\t\t\t\t\t<div class=\"section total-quizzes\">\n\t\t\t\t\t\t\t\t<span class=\"icon dashicons dashicons-format-chat\"><\/span>\n\t\t\t\t\t\t\t\t<span class=\"wrapper\">\n\t\t\t\t\t\t\t\t\t<span class=\"label\">\n\t\t\t\t\t\t\t\t\t\tTotal Quizzes\t\t\t\t\t\t\t\t\t<\/span>\n\t\t\t\t\t\t\t\t\t<span class=\"value\">\n\t\t\t\t\t\t\t\t\t\t16\t\t\t\t\t\t\t\t\t<\/span>\n\t\t\t\t\t\t\t\t<\/span>\n\t\t\t\t\t\t\t<\/div>\n\t\t\t\t\t\t\t\t\t\t\t<\/div>\n\t\t\t\t\t\t\t\t\t\t\t<\/div>\n\t\t\t<\/article>\n<\/div>\n\t<\/div>\n<\/div><\/div>\n\t\t\t\t\t\t<\/div>\n\t\t\t\t<\/div>\n\t\t\t\t<\/div>\n\t\t<div class=\"elementor-element elementor-element-1822975 e-con-full e-flex e-con e-child\" data-id=\"1822975\" data-element_type=\"container\">\n\t\t\t\t<\/div>\n\t\t\t\t\t<\/div>\n\t\t\t\t<\/div>\n\t\t\t\t<\/div>\n\t\t","protected":false},"excerpt":{"rendered":"","protected":false},"author":3,"featured_media":0,"parent":0,"menu_order":0,"comment_status":"closed","ping_status":"closed","template":"","meta":{"footnotes":""},"class_list":["post-7490","page","type-page","status-publish","hentry"],"_links":{"self":[{"href":"https:\/\/hvet.eu-platforms.eu\/pt-pt\/wp-json\/wp\/v2\/pages\/7490","targetHints":{"allow":["GET"]}}],"collection":[{"href":"https:\/\/hvet.eu-platforms.eu\/pt-pt\/wp-json\/wp\/v2\/pages"}],"about":[{"href":"https:\/\/hvet.eu-platforms.eu\/pt-pt\/wp-json\/wp\/v2\/types\/page"}],"author":[{"embeddable":true,"href":"https:\/\/hvet.eu-platforms.eu\/pt-pt\/wp-json\/wp\/v2\/users\/3"}],"replies":[{"embeddable":true,"href":"https:\/\/hvet.eu-platforms.eu\/pt-pt\/wp-json\/wp\/v2\/comments?post=7490"}],"version-history":[{"count":1,"href":"https:\/\/hvet.eu-platforms.eu\/pt-pt\/wp-json\/wp\/v2\/pages\/7490\/revisions"}],"predecessor-version":[{"id":7491,"href":"https:\/\/hvet.eu-platforms.eu\/pt-pt\/wp-json\/wp\/v2\/pages\/7490\/revisions\/7491"}],"wp:attachment":[{"href":"https:\/\/hvet.eu-platforms.eu\/pt-pt\/wp-json\/wp\/v2\/media?parent=7490"}],"curies":[{"name":"wp","href":"https:\/\/api.w.org\/{rel}","templated":true}]}}